{"id":8211,"date":"2026-03-19T12:08:14","date_gmt":"2026-03-19T11:08:14","guid":{"rendered":"https:\/\/www.milleunascienza.com\/?page_id=8211"},"modified":"2026-03-19T12:58:19","modified_gmt":"2026-03-19T11:58:19","slug":"sommerangebot","status":"publish","type":"page","link":"https:\/\/www.milleunascienza.com\/de\/sommerangebot\/","title":{"rendered":"Sommerangebot"},"content":{"rendered":"<div class=\"fusion-bg-parallax\" data-bg-align=\"center center\" data-direction=\"up\" data-mute=\"false\" data-opacity=\"100\" data-velocity=\"-0.3\" data-mobile-enabled=\"false\" data-break_parents=\"0\" data-bg-image=\"https:\/\/www.milleunascienza.com\/wp-content\/uploads\/2025\/04\/background-lampadone-15.png\" data-bg-repeat=\"false\" data-blend-mode=\"multiply\" ><\/div><div class=\"fusion-fullwidth fullwidth-box fusion-builder-row-1 fusion-flex-container has-pattern-background has-mask-background fusion-parallax-up nonhundred-percent-fullwidth non-hundred-percent-height-scrolling\" style=\"--awb-background-blend-mode:multiply;--awb-border-radius-top-left:0px;--awb-border-radius-top-right:0px;--awb-border-radius-bottom-right:0px;--awb-border-radius-bottom-left:0px;--awb-padding-bottom:4%;--awb-background-image:url(&quot;https:\/\/www.milleunascienza.com\/wp-content\/uploads\/2025\/04\/background-lampadone-15.png&quot;);--awb-background-size:cover;--awb-flex-wrap:wrap;\" ><div class=\"fusion-builder-row fusion-row fusion-flex-align-items-flex-start fusion-flex-content-wrap\" style=\"max-width:1248px;margin-left: calc(-4% \/ 2 );margin-right: calc(-4% \/ 2 );\"><div class=\"fusion-layout-column fusion_builder_column fusion-builder-column-0 fusion_builder_column_1_2 1_2 fusion-flex-column fusion-flex-align-self-center fusion-animated\" style=\"--awb-bg-image:url(&#039;https:\/\/www.milleunascienza.com\/wp-content\/uploads\/2025\/04\/edu-extra-scuola.png&#039;);--awb-bg-position:center center;--awb-bg-size:cover;--awb-width-large:50%;--awb-margin-top-large:0px;--awb-spacing-right-large:3.84%;--awb-margin-bottom-large:20px;--awb-spacing-left-large:3.84%;--awb-width-medium:50%;--awb-order-medium:0;--awb-spacing-right-medium:3.84%;--awb-spacing-left-medium:3.84%;--awb-width-small:100%;--awb-order-small:0;--awb-spacing-right-small:1.92%;--awb-spacing-left-small:1.92%;\" data-animationType=\"fadeInUp\" data-animationDuration=\"0.3\" data-animationDelay=\"0.7\" data-animationOffset=\"top-into-view\" data-scroll-devices=\"small-visibility,medium-visibility,large-visibility\"><div class=\"fusion-column-wrapper fusion-column-has-shadow fusion-flex-justify-content-flex-start fusion-content-layout-column fusion-empty-column-bg-image fusion-column-has-bg-image\" data-bg-url=\"https:\/\/www.milleunascienza.com\/wp-content\/uploads\/2025\/04\/edu-extra-scuola.png\"><img decoding=\"async\" class=\"fusion-empty-dims-img-placeholder\" aria-label=\"edu-extra-scuola\" src=\"data:image\/svg+xml,%3Csvg%20xmlns%3D%27http%3A%2F%2Fwww.w3.org%2F2000%2Fsvg%27%20width%3D%27600%27%20height%3D%27615%27%20viewBox%3D%270%200%20600%20615%27%3E%3Crect%20width%3D%27600%27%20height%3D%27615%27%20fill-opacity%3D%220%22%2F%3E%3C%2Fsvg%3E\"><\/div><\/div><div class=\"fusion-layout-column fusion_builder_column fusion-builder-column-1 fusion_builder_column_1_2 1_2 fusion-flex-column fusion-flex-align-self-center fusion-animated\" style=\"--awb-bg-size:cover;--awb-width-large:50%;--awb-margin-top-large:0px;--awb-spacing-right-large:3.84%;--awb-margin-bottom-large:20px;--awb-spacing-left-large:3.84%;--awb-width-medium:50%;--awb-order-medium:0;--awb-spacing-right-medium:3.84%;--awb-spacing-left-medium:3.84%;--awb-width-small:100%;--awb-order-small:0;--awb-spacing-right-small:1.92%;--awb-spacing-left-small:1.92%;\" data-animationType=\"fadeInUp\" data-animationDuration=\"0.3\" data-animationDelay=\"0.6\" data-animationOffset=\"top-into-view\" data-scroll-devices=\"small-visibility,medium-visibility,large-visibility\"><div class=\"fusion-column-wrapper fusion-column-has-shadow fusion-flex-justify-content-flex-start fusion-content-layout-column\"><div class=\"fusion-title title fusion-title-1 fusion-sep-none fusion-title-text fusion-title-size-one\"><h1 class=\"fusion-title-heading title-heading-left fusion-responsive-typography-calculated\" style=\"margin:0;--fontSize:75;line-height:var(--awb-typography1-line-height);\">CHE SCOPERTA! SOMMERANGEBOT<\/h1><\/div><div class=\"fusion-title title fusion-title-2 fusion-sep-none fusion-title-text fusion-title-size-five\"><h5 class=\"fusion-title-heading title-heading-left fusion-responsive-typography-calculated\" style=\"margin:0;--fontSize:20;--minFontSize:20;line-height:var(--awb-typography3-line-height);\">SOMMERANGEBOT DES WISSENSHAFTSFESTIVAL &#8222;LE MILLE E UNA SCIENZA&#8220;<\/h5><\/div><\/div><\/div><div class=\"fusion-layout-column fusion_builder_column fusion-builder-column-2 fusion_builder_column_1_2 1_2 fusion-flex-column fusion-flex-align-self-center\" style=\"--awb-bg-size:cover;--awb-width-large:50%;--awb-margin-top-large:0px;--awb-spacing-right-large:3.84%;--awb-margin-bottom-large:20px;--awb-spacing-left-large:3.84%;--awb-width-medium:50%;--awb-order-medium:0;--awb-spacing-right-medium:3.84%;--awb-spacing-left-medium:3.84%;--awb-width-small:100%;--awb-order-small:0;--awb-spacing-right-small:1.92%;--awb-spacing-left-small:1.92%;\" data-scroll-devices=\"small-visibility,medium-visibility,large-visibility\"><div class=\"fusion-column-wrapper fusion-column-has-shadow fusion-flex-justify-content-flex-start fusion-content-layout-column\"><\/div><\/div><div class=\"fusion-layout-column fusion_builder_column fusion-builder-column-3 fusion_builder_column_1_2 1_2 fusion-flex-column fusion-flex-align-self-center\" style=\"--awb-bg-size:cover;--awb-width-large:50%;--awb-margin-top-large:0px;--awb-spacing-right-large:3.84%;--awb-margin-bottom-large:20px;--awb-spacing-left-large:3.84%;--awb-width-medium:50%;--awb-order-medium:0;--awb-spacing-right-medium:3.84%;--awb-spacing-left-medium:3.84%;--awb-width-small:100%;--awb-order-small:0;--awb-spacing-right-small:1.92%;--awb-spacing-left-small:1.92%;\" data-scroll-devices=\"small-visibility,medium-visibility,large-visibility\"><div class=\"fusion-column-wrapper fusion-column-has-shadow fusion-flex-justify-content-flex-start fusion-content-layout-column\"><div class=\"fusion-text fusion-text-1\"><p>Das SummerCamp \u201eChe Scoperta!\u201c ist das offizielle Sommerangebot des Wissenschaftsfestivals \u201eLe Mille e una Scienza\u201c, organisiert von Arciragazzi Bolzano Bozen in Zusammenarbeit mit lokalen Partnern und Expert:innen der Wissenschaftskommunikation.<br \/>\nEine lehrreiche, spannende und unterhaltsame Erfahrung f\u00fcr Kinder und Jugendliche, bei der Wissenschaft zu Entdeckung, Spiel und Experiment wird. Im Laufe der Woche haben die Teilnehmenden die M\u00f6glichkeit, verschiedene wissenschaftliche Disziplinen durch praktische Workshops, Aktivit\u00e4ten im Freien und angeleitete Erfahrungen mit qualifizierten P\u00e4dagog:innen zu erkunden.<br \/>\nDas Camp bietet einen Raum, in dem Neugier, Kreativit\u00e4t und kritisches Denken gef\u00f6rdert werden und die Freude am Verstehen der Welt im Mittelpunkt steht.<\/p>\n<blockquote>\n<p><strong>Einen Planeten zu retten \u2013 Die gro\u00dfe Herausforderung unserer Zeit<\/strong><\/p>\n<\/blockquote>\n<p>Die Ausgabe 2026 des SummerCamps widmet sich einer der dringendsten und komplexesten Herausforderungen unserer Zeit: dem Schutz unseres Planeten.<br \/>\nDurch einen ganzheitlichen wissenschaftlichen Ansatz erkunden die Teilnehmenden Themen wie Umwelt, Klima, Energie, Biodiversit\u00e4t und technologische Innovation. Dabei geht es nicht nur um \u00d6kologie, sondern auch um Chemie, Physik, Biologie, Ingenieurwissenschaften und Sozialwissenschaften als Werkzeuge, um aktuelle Entwicklungen zu verstehen und nachhaltige L\u00f6sungen zu entwickeln.<br \/>\nWorkshops, wissenschaftliche Spiele und praktische Erfahrungen f\u00fchren die Teilnehmenden auf einen Weg, auf dem sie zu aktiven und bewussten Gestalter:innen der Zukunft unseres Planeten werden.<\/p>\n<p><strong>Wenn: 24.08.2026 \u2013 28.08.2026<br \/>\nWo: Pippo FoodChill&amp;Stage (Parco Petrarca \u2013 Talvera)<br \/>\nUhr: 8:30 \u2013 16:00<br \/>\nKosten: 70 \u20ac<\/strong><\/p>\n<\/div><div class=\"fusion-builder-row fusion-builder-row-inner fusion-row fusion-flex-align-items-flex-start fusion-flex-content-wrap\" style=\"width:104% !important;max-width:104% !important;margin-left: calc(-4% \/ 2 );margin-right: calc(-4% \/ 2 );\"><div class=\"fusion-layout-column fusion_builder_column_inner fusion-builder-nested-column-0 fusion_builder_column_inner_1_1 1_1 fusion-flex-column\" style=\"--awb-bg-size:cover;--awb-width-large:100%;--awb-margin-top-large:4%;--awb-spacing-right-large:1.92%;--awb-margin-bottom-large:20px;--awb-spacing-left-large:1.92%;--awb-width-medium:100%;--awb-order-medium:0;--awb-spacing-right-medium:1.92%;--awb-spacing-left-medium:1.92%;--awb-width-small:100%;--awb-order-small:0;--awb-margin-top-small:4%;--awb-spacing-right-small:1.92%;--awb-spacing-left-small:1.92%;\" data-scroll-devices=\"small-visibility,medium-visibility,large-visibility\"><div class=\"fusion-column-wrapper fusion-column-has-shadow fusion-flex-justify-content-flex-start fusion-content-layout-row fusion-flex-align-items-center\"><div style=\"text-align:center;\"><a class=\"fusion-button button-flat fusion-button-default-size button-custom fusion-button-default button-1 fusion-button-default-span fusion-button-default-type\" style=\"--button_accent_color:var(--awb-color1);--button_accent_hover_color:var(--awb-color1);--button_border_hover_color:var(--awb-color1);--button_gradient_top_color:var(--awb-color5);--button_gradient_bottom_color:var(--awb-color5);--button_gradient_top_color_hover:var(--awb-color7);--button_gradient_bottom_color_hover:var(--awb-color7);--button_margin-top:4%;--button_margin-right:30px;\" target=\"_blank\" rel=\"noopener noreferrer\" href=\"mailto:info@milleunascienza.com\"><span class=\"fusion-button-text awb-button__text awb-button__text--default\">INFORMATIONEN ANFORDERN<\/span><\/a><\/div><div style=\"text-align:center;\"><a class=\"fusion-button button-flat fusion-button-default-size button-custom fusion-button-default button-2 fusion-button-default-span fusion-button-default-type\" style=\"--button_accent_color:var(--awb-color7);--button_accent_hover_color:var(--awb-color1);--button_border_hover_color:var(--awb-color1);--button_gradient_top_color:var(--awb-color4);--button_gradient_bottom_color:var(--awb-color4);--button_gradient_top_color_hover:var(--awb-color7);--button_gradient_bottom_color_hover:var(--awb-color7);--button_margin-top:4%;\" target=\"_blank\" rel=\"noopener noreferrer\" href=\"https:\/\/forms.gle\/X3VkQgxSogeDgThYA\"><span class=\"fusion-button-text awb-button__text awb-button__text--default\">anmelden<\/span><\/a><\/div><\/div><\/div><\/div><\/div><\/div><\/div><\/div>\n","protected":false},"excerpt":{"rendered":"","protected":false},"author":4,"featured_media":0,"parent":0,"menu_order":18,"comment_status":"closed","ping_status":"closed","template":"100-width.php","meta":{"footnotes":""},"class_list":["post-8211","page","type-page","status-publish","hentry"],"_links":{"self":[{"href":"https:\/\/www.milleunascienza.com\/de\/wp-json\/wp\/v2\/pages\/8211","targetHints":{"allow":["GET"]}}],"collection":[{"href":"https:\/\/www.milleunascienza.com\/de\/wp-json\/wp\/v2\/pages"}],"about":[{"href":"https:\/\/www.milleunascienza.com\/de\/wp-json\/wp\/v2\/types\/page"}],"author":[{"embeddable":true,"href":"https:\/\/www.milleunascienza.com\/de\/wp-json\/wp\/v2\/users\/4"}],"replies":[{"embeddable":true,"href":"https:\/\/www.milleunascienza.com\/de\/wp-json\/wp\/v2\/comments?post=8211"}],"version-history":[{"count":7,"href":"https:\/\/www.milleunascienza.com\/de\/wp-json\/wp\/v2\/pages\/8211\/revisions"}],"predecessor-version":[{"id":8232,"href":"https:\/\/www.milleunascienza.com\/de\/wp-json\/wp\/v2\/pages\/8211\/revisions\/8232"}],"wp:attachment":[{"href":"https:\/\/www.milleunascienza.com\/de\/wp-json\/wp\/v2\/media?parent=8211"}],"curies":[{"name":"wp","href":"https:\/\/api.w.org\/{rel}","templated":true}]}}