{"id":6897,"date":"2025-04-15T11:04:33","date_gmt":"2025-04-15T09:04:33","guid":{"rendered":"https:\/\/www.milleunascienza.com\/eureka-come-partecipare\/"},"modified":"2026-03-16T14:53:27","modified_gmt":"2026-03-16T13:53:27","slug":"eureka-teilnehmen","status":"publish","type":"page","link":"https:\/\/www.milleunascienza.com\/de\/eureka-teilnehmen\/","title":{"rendered":"Eureka Teilnehmen"},"content":{"rendered":"<p><div class=\"fusion-bg-parallax\" data-bg-align=\"center center\" data-direction=\"up\" data-mute=\"false\" data-opacity=\"100\" data-velocity=\"-0.3\" data-mobile-enabled=\"false\" data-break_parents=\"0\" data-bg-image=\"https:\/\/www.milleunascienza.com\/wp-content\/uploads\/2025\/04\/background-lampadone-15.png\" data-bg-repeat=\"false\" data-blend-mode=\"multiply\" ><\/div><div class=\"fusion-fullwidth fullwidth-box fusion-builder-row-1 fusion-flex-container has-pattern-background has-mask-background fusion-parallax-up nonhundred-percent-fullwidth non-hundred-percent-height-scrolling\" style=\"--awb-background-blend-mode:multiply;--awb-border-radius-top-left:0px;--awb-border-radius-top-right:0px;--awb-border-radius-bottom-right:0px;--awb-border-radius-bottom-left:0px;--awb-padding-bottom:4%;--awb-background-image:url(&quot;https:\/\/www.milleunascienza.com\/wp-content\/uploads\/2025\/04\/background-lampadone-15.png&quot;);--awb-background-size:cover;--awb-flex-wrap:wrap;\" ><div class=\"fusion-builder-row fusion-row fusion-flex-align-items-flex-start fusion-flex-content-wrap\" style=\"max-width:1248px;margin-left: calc(-4% \/ 2 );margin-right: calc(-4% \/ 2 );\"><div class=\"fusion-layout-column fusion_builder_column fusion-builder-column-0 fusion_builder_column_1_2 1_2 fusion-flex-column fusion-flex-align-self-center fusion-animated\" style=\"--awb-bg-image:url(&#039;https:\/\/www.milleunascienza.com\/wp-content\/uploads\/2025\/04\/eureka-come-partecipare.png&#039;);--awb-bg-position:center center;--awb-bg-size:cover;--awb-width-large:50%;--awb-margin-top-large:0px;--awb-spacing-right-large:3.84%;--awb-margin-bottom-large:20px;--awb-spacing-left-large:3.84%;--awb-width-medium:50%;--awb-order-medium:0;--awb-spacing-right-medium:3.84%;--awb-spacing-left-medium:3.84%;--awb-width-small:100%;--awb-order-small:0;--awb-spacing-right-small:1.92%;--awb-spacing-left-small:1.92%;\" data-animationType=\"fadeInUp\" data-animationDuration=\"0.3\" data-animationDelay=\"0.7\" data-animationOffset=\"top-into-view\" data-scroll-devices=\"small-visibility,medium-visibility,large-visibility\"><div class=\"fusion-column-wrapper fusion-column-has-shadow fusion-flex-justify-content-flex-start fusion-content-layout-column fusion-empty-column-bg-image fusion-column-has-bg-image\" data-bg-url=\"https:\/\/www.milleunascienza.com\/wp-content\/uploads\/2025\/04\/eureka-come-partecipare.png\"><img decoding=\"async\" class=\"fusion-empty-dims-img-placeholder\" aria-label=\"eureka-come-partecipare\" src=\"data:image\/svg+xml,%3Csvg%20xmlns%3D%27http%3A%2F%2Fwww.w3.org%2F2000%2Fsvg%27%20width%3D%271200%27%20height%3D%271500%27%20viewBox%3D%270%200%201200%201500%27%3E%3Crect%20width%3D%271200%27%20height%3D%271500%27%20fill-opacity%3D%220%22%2F%3E%3C%2Fsvg%3E\"><\/div><\/div><div class=\"fusion-layout-column fusion_builder_column fusion-builder-column-1 fusion_builder_column_1_2 1_2 fusion-flex-column fusion-flex-align-self-center fusion-animated\" style=\"--awb-bg-size:cover;--awb-width-large:50%;--awb-margin-top-large:0px;--awb-spacing-right-large:3.84%;--awb-margin-bottom-large:20px;--awb-spacing-left-large:3.84%;--awb-width-medium:50%;--awb-order-medium:0;--awb-spacing-right-medium:3.84%;--awb-spacing-left-medium:3.84%;--awb-width-small:100%;--awb-order-small:0;--awb-spacing-right-small:1.92%;--awb-spacing-left-small:1.92%;\" data-animationType=\"fadeInUp\" data-animationDuration=\"0.3\" data-animationDelay=\"0.6\" data-animationOffset=\"top-into-view\" data-scroll-devices=\"small-visibility,medium-visibility,large-visibility\"><div class=\"fusion-column-wrapper fusion-column-has-shadow fusion-flex-justify-content-flex-start fusion-content-layout-column\"><div class=\"fusion-title title fusion-title-1 fusion-sep-none fusion-title-text fusion-title-size-one\"><h1 class=\"fusion-title-heading title-heading-left fusion-responsive-typography-calculated\" style=\"margin:0;--fontSize:75;line-height:var(--awb-typography1-line-height);\">Wie man an Eureka teilnimmt<\/h1><\/div><div class=\"fusion-title title fusion-title-2 fusion-sep-none fusion-title-text fusion-title-size-five\"><h5 class=\"fusion-title-heading title-heading-left fusion-responsive-typography-calculated\" style=\"margin:0;--fontSize:20;--minFontSize:20;line-height:var(--awb-typography3-line-height);\">DER WISSENSCHAFTLICHE IDEENWETTBEWERB F\u00dcR KINDER UND JUGENDLICHE VON 8 BIS 18 JAHREN<\/h5><\/div><\/div><\/div><div class=\"fusion-layout-column fusion_builder_column fusion-builder-column-2 fusion_builder_column_1_2 1_2 fusion-flex-column fusion-flex-align-self-center\" style=\"--awb-bg-size:cover;--awb-width-large:50%;--awb-margin-top-large:0px;--awb-spacing-right-large:3.84%;--awb-margin-bottom-large:20px;--awb-spacing-left-large:3.84%;--awb-width-medium:50%;--awb-order-medium:0;--awb-spacing-right-medium:3.84%;--awb-spacing-left-medium:3.84%;--awb-width-small:100%;--awb-order-small:0;--awb-spacing-right-small:1.92%;--awb-spacing-left-small:1.92%;\" data-scroll-devices=\"small-visibility,medium-visibility,large-visibility\"><div class=\"fusion-column-wrapper fusion-column-has-shadow fusion-flex-justify-content-flex-start fusion-content-layout-column\"><div class=\"fusion-image-element \" style=\"text-align:center;--awb-max-width:450px;--awb-caption-title-font-family:var(--h2_typography-font-family);--awb-caption-title-font-weight:var(--h2_typography-font-weight);--awb-caption-title-font-style:var(--h2_typography-font-style);--awb-caption-title-size:var(--h2_typography-font-size);--awb-caption-title-transform:var(--h2_typography-text-transform);--awb-caption-title-line-height:var(--h2_typography-line-height);--awb-caption-title-letter-spacing:var(--h2_typography-letter-spacing);\"><span class=\" fusion-imageframe imageframe-none imageframe-1 hover-type-none fusion-animated\" data-animationType=\"fadeInLeft\" data-animationDuration=\"0.3\" data-animationDelay=\"0.6\" data-animationOffset=\"top-into-view\"><img decoding=\"async\" width=\"600\" height=\"407\" title=\"eureka-scritta\" src=\"https:\/\/www.milleunascienza.com\/wp-content\/uploads\/2025\/04\/eureka-scritta.jpg\" alt class=\"img-responsive wp-image-5046\" srcset=\"https:\/\/www.milleunascienza.com\/wp-content\/uploads\/2025\/04\/eureka-scritta-200x136.jpg 200w, https:\/\/www.milleunascienza.com\/wp-content\/uploads\/2025\/04\/eureka-scritta-400x271.jpg 400w, https:\/\/www.milleunascienza.com\/wp-content\/uploads\/2025\/04\/eureka-scritta.jpg 600w\" sizes=\"(max-width: 640px) 100vw, 600px\" \/><\/span><\/div><\/div><\/div><div class=\"fusion-layout-column fusion_builder_column fusion-builder-column-3 fusion_builder_column_1_2 1_2 fusion-flex-column fusion-flex-align-self-center\" style=\"--awb-bg-size:cover;--awb-width-large:50%;--awb-margin-top-large:0px;--awb-spacing-right-large:3.84%;--awb-margin-bottom-large:20px;--awb-spacing-left-large:3.84%;--awb-width-medium:50%;--awb-order-medium:0;--awb-spacing-right-medium:3.84%;--awb-spacing-left-medium:3.84%;--awb-width-small:100%;--awb-order-small:0;--awb-spacing-right-small:1.92%;--awb-spacing-left-small:1.92%;\" data-scroll-devices=\"small-visibility,medium-visibility,large-visibility\"><div class=\"fusion-column-wrapper fusion-column-has-shadow fusion-flex-justify-content-flex-start fusion-content-layout-column\"><div class=\"fusion-text fusion-text-1\"><p>Gro\u00dfe Ideen zum Greifen nah: Wissenschaft ist ein Abenteuer, das mit einem Funken Neugierde beginnt. Es spielt keine Rolle, wie alt man ist: Mit einer Prise Kreativit\u00e4t und Experimentierfreude kann jeder und jede zum Erfinder werden.\u2028Du hast bereits eine Idee? Prima! Leg gleich los!M\u00f6chtest du dich von etwas inspirieren lassen, das bereits existiert? Noch besser&#8230; erfinde es neu, bau es um, f\u00fcg eine eigene Note hinzu und&#8230; schaffe etwas v\u00f6llig Neues.<\/p>\n<blockquote>\n<p>Eureka 2026 hat offiziell begonnen!<\/p>\n<\/blockquote>\n<p>Bist du bereit, Spuren zu hinterlassen? Im Folgenden findest du alles, was zur Teilnahme ben\u00f6tigt wird &#8211; wir sind gespannt auf deine besten Ideen!<\/p>\n<p>Das diesj\u00e4hrige Thema: <strong>EIN PLANET, DEN ES ZU RETTEN GILT!!!<\/strong>!\u2028 Die gro\u00dfe Herausforderung unserer Zeit <\/p>\n<p>Bis zum<strong> 30. Juni 2026<\/strong> kannst du teilnehmen &#8211; <strong>verpass nicht deine Chance, die Zukunft zu gestalten<\/strong>!<\/p>\n<\/div><div class=\"fusion-builder-row fusion-builder-row-inner fusion-row fusion-flex-align-items-flex-start fusion-flex-content-wrap\" style=\"width:104% !important;max-width:104% !important;margin-left: calc(-4% \/ 2 );margin-right: calc(-4% \/ 2 );\"><div class=\"fusion-layout-column fusion_builder_column_inner fusion-builder-nested-column-0 fusion_builder_column_inner_1_1 1_1 fusion-flex-column\" style=\"--awb-bg-size:cover;--awb-width-large:100%;--awb-margin-top-large:4%;--awb-spacing-right-large:1.92%;--awb-margin-bottom-large:20px;--awb-spacing-left-large:1.92%;--awb-width-medium:100%;--awb-order-medium:0;--awb-spacing-right-medium:1.92%;--awb-spacing-left-medium:1.92%;--awb-width-small:100%;--awb-order-small:0;--awb-margin-top-small:4%;--awb-spacing-right-small:1.92%;--awb-spacing-left-small:1.92%;\" data-scroll-devices=\"small-visibility,medium-visibility,large-visibility\"><div class=\"fusion-column-wrapper fusion-column-has-shadow fusion-flex-justify-content-flex-start fusion-content-layout-row fusion-flex-align-items-center\"><div style=\"text-align:center;\"><a class=\"fusion-button button-flat fusion-button-default-size button-custom fusion-button-default button-1 fusion-button-default-span fusion-button-default-type\" style=\"--button_accent_color:var(--awb-color1);--button_accent_hover_color:var(--awb-color1);--button_border_hover_color:var(--awb-color1);--button_gradient_top_color:var(--awb-color5);--button_gradient_bottom_color:var(--awb-color5);--button_gradient_top_color_hover:var(--awb-color7);--button_gradient_bottom_color_hover:var(--awb-color7);--button_margin-top:4%;--button_margin-right:30px;\" target=\"_blank\" rel=\"noopener noreferrer\" href=\"https:\/\/drive.google.com\/file\/d\/1jh8GaqPJoOO4vqCHazcmb7DafqqO9dxM\/view?usp=share_link\"><span class=\"fusion-button-text awb-button__text awb-button__text--default\">Regelwerk des Wettbewerbs<\/span><\/a><\/div><div style=\"text-align:center;\"><a class=\"fusion-button button-flat fusion-button-default-size button-custom fusion-button-default button-2 fusion-button-default-span fusion-button-default-type\" style=\"--button_accent_color:var(--awb-color7);--button_accent_hover_color:var(--awb-color1);--button_border_hover_color:var(--awb-color1);--button_gradient_top_color:var(--awb-color4);--button_gradient_bottom_color:var(--awb-color4);--button_gradient_top_color_hover:var(--awb-color7);--button_gradient_bottom_color_hover:var(--awb-color7);--button_margin-top:4%;\" target=\"_blank\" rel=\"noopener noreferrer\" href=\"https:\/\/forms.gle\/DDaCWEYXzN7pcUSDA\"><span class=\"fusion-button-text awb-button__text awb-button__text--default\">anmelden<\/span><\/a><\/div><\/div><\/div><\/div><\/div><\/div><\/div><\/div><div class=\"fusion-fullwidth fullwidth-box fusion-builder-row-2 fusion-flex-container has-pattern-background has-mask-background nonhundred-percent-fullwidth non-hundred-percent-height-scrolling\" style=\"--awb-border-radius-top-left:0px;--awb-border-radius-top-right:0px;--awb-border-radius-bottom-right:0px;--awb-border-radius-bottom-left:0px;--awb-padding-bottom:8%;--awb-background-color:var(--awb-color2);--awb-flex-wrap:wrap;\" ><div class=\"fusion-builder-row fusion-row fusion-flex-align-items-flex-start fusion-flex-content-wrap\" style=\"max-width:1248px;margin-left: calc(-4% \/ 2 );margin-right: calc(-4% \/ 2 );\"><div class=\"fusion-layout-column fusion_builder_column fusion-builder-column-4 fusion_builder_column_1_1 1_1 fusion-flex-column\" style=\"--awb-padding-top:8%;--awb-padding-bottom:4%;--awb-bg-size:cover;--awb-width-large:100%;--awb-margin-top-large:0px;--awb-spacing-right-large:1.92%;--awb-margin-bottom-large:20px;--awb-spacing-left-large:1.92%;--awb-width-medium:100%;--awb-order-medium:0;--awb-spacing-right-medium:1.92%;--awb-spacing-left-medium:1.92%;--awb-width-small:100%;--awb-order-small:0;--awb-spacing-right-small:1.92%;--awb-spacing-left-small:1.92%;\" data-scroll-devices=\"small-visibility,medium-visibility,large-visibility\"><div class=\"fusion-column-wrapper fusion-column-has-shadow fusion-flex-justify-content-flex-start fusion-content-layout-column\"><div class=\"fusion-title title fusion-title-3 fusion-sep-none fusion-title-center fusion-title-text fusion-title-size-two\"><h2 class=\"fusion-title-heading title-heading-center fusion-responsive-typography-calculated\" style=\"margin:0;--fontSize:56;line-height:var(--awb-typography2-line-height);\">Viel Spa\u00df beim Erfinden!<\/h2><\/div><div class=\"fusion-title title fusion-title-4 fusion-sep-none fusion-title-center fusion-title-text fusion-title-size-five\" style=\"--awb-margin-bottom:5%;\"><h5 class=\"fusion-title-heading title-heading-center fusion-responsive-typography-calculated\" style=\"margin:0;--fontSize:20;--minFontSize:20;line-height:var(--awb-typography3-line-height);\">Entdecke den Erfinder in dir: Mit ein wenig Fantasie ist alles m\u00f6glich ;-)<\/h5><\/div><div class=\"awb-gallery-wrapper awb-gallery-wrapper-1 button-span-no\" style=\"--more-btn-alignment:center;\"><div style=\"margin:-5px;--awb-bordersize:0px;\" class=\"fusion-gallery fusion-gallery-container fusion-grid-3 fusion-columns-total-3 fusion-gallery-layout-grid fusion-gallery-1\"><div style=\"padding:5px;\" class=\"fusion-grid-column fusion-gallery-column fusion-gallery-column-3 hover-type-zoomin\"><div class=\"fusion-gallery-image\"><a href=\"https:\/\/www.milleunascienza.com\/wp-content\/uploads\/2025\/04\/gallery-eureka-001.jpg\" rel=\"noreferrer\" data-rel=\"iLightbox[gallery_image_1]\" class=\"fusion-lightbox\" target=\"_self\"><img decoding=\"async\" src=\"https:\/\/www.milleunascienza.com\/wp-content\/uploads\/2025\/04\/gallery-eureka-001.jpg\" width=\"600\" height=\"600\" alt=\"\" title=\"gallery-eureka-001\" aria-label=\"gallery-eureka-001\" class=\"img-responsive wp-image-5070\" srcset=\"https:\/\/www.milleunascienza.com\/wp-content\/uploads\/2025\/04\/gallery-eureka-001-200x200.jpg 200w, https:\/\/www.milleunascienza.com\/wp-content\/uploads\/2025\/04\/gallery-eureka-001-400x400.jpg 400w, https:\/\/www.milleunascienza.com\/wp-content\/uploads\/2025\/04\/gallery-eureka-001.jpg 600w\" sizes=\"(min-width: 2200px) 100vw, (min-width: 784px) 397px, (min-width: 712px) 595px, (min-width: 640px) 712px, \" \/><\/a><\/div><\/div><div style=\"padding:5px;\" class=\"fusion-grid-column fusion-gallery-column fusion-gallery-column-3 hover-type-zoomin\"><div class=\"fusion-gallery-image\"><a href=\"https:\/\/www.milleunascienza.com\/wp-content\/uploads\/2025\/04\/gallery-presentazioni-004.jpg\" rel=\"noreferrer\" data-rel=\"iLightbox[gallery_image_1]\" class=\"fusion-lightbox\" target=\"_self\"><img decoding=\"async\" src=\"https:\/\/www.milleunascienza.com\/wp-content\/uploads\/2025\/04\/gallery-presentazioni-004.jpg\" width=\"600\" height=\"600\" alt=\"\" title=\"gallery-presentazioni-004\" aria-label=\"gallery-presentazioni-004\" class=\"img-responsive wp-image-5090\" srcset=\"https:\/\/www.milleunascienza.com\/wp-content\/uploads\/2025\/04\/gallery-presentazioni-004-200x200.jpg 200w, https:\/\/www.milleunascienza.com\/wp-content\/uploads\/2025\/04\/gallery-presentazioni-004-400x400.jpg 400w, https:\/\/www.milleunascienza.com\/wp-content\/uploads\/2025\/04\/gallery-presentazioni-004.jpg 600w\" sizes=\"(min-width: 2200px) 100vw, (min-width: 784px) 397px, (min-width: 712px) 595px, (min-width: 640px) 712px, \" \/><\/a><\/div><\/div><div style=\"padding:5px;\" class=\"fusion-grid-column fusion-gallery-column fusion-gallery-column-3 hover-type-zoomin\"><div class=\"fusion-gallery-image\"><a href=\"https:\/\/www.milleunascienza.com\/wp-content\/uploads\/2025\/04\/festival-home-02.jpg\" rel=\"noreferrer\" data-rel=\"iLightbox[gallery_image_1]\" class=\"fusion-lightbox\" target=\"_self\"><img decoding=\"async\" src=\"https:\/\/www.milleunascienza.com\/wp-content\/uploads\/2025\/04\/festival-home-02.jpg\" width=\"600\" height=\"600\" alt=\"\" title=\"festival-home-02\" aria-label=\"festival-home-02\" class=\"img-responsive wp-image-5043\" srcset=\"https:\/\/www.milleunascienza.com\/wp-content\/uploads\/2025\/04\/festival-home-02-200x200.jpg 200w, https:\/\/www.milleunascienza.com\/wp-content\/uploads\/2025\/04\/festival-home-02-400x400.jpg 400w, https:\/\/www.milleunascienza.com\/wp-content\/uploads\/2025\/04\/festival-home-02.jpg 600w\" sizes=\"(min-width: 2200px) 100vw, (min-width: 784px) 397px, (min-width: 712px) 595px, (min-width: 640px) 712px, \" \/><\/a><\/div><\/div><div class=\"clearfix\"><\/div><\/div><\/div><\/div><\/div><\/div><\/div><\/p>\n","protected":false},"excerpt":{"rendered":"","protected":false},"author":1,"featured_media":0,"parent":0,"menu_order":18,"comment_status":"closed","ping_status":"closed","template":"100-width.php","meta":{"footnotes":""},"class_list":["post-6897","page","type-page","status-publish","hentry"],"_links":{"self":[{"href":"https:\/\/www.milleunascienza.com\/de\/wp-json\/wp\/v2\/pages\/6897","targetHints":{"allow":["GET"]}}],"collection":[{"href":"https:\/\/www.milleunascienza.com\/de\/wp-json\/wp\/v2\/pages"}],"about":[{"href":"https:\/\/www.milleunascienza.com\/de\/wp-json\/wp\/v2\/types\/page"}],"author":[{"embeddable":true,"href":"https:\/\/www.milleunascienza.com\/de\/wp-json\/wp\/v2\/users\/1"}],"replies":[{"embeddable":true,"href":"https:\/\/www.milleunascienza.com\/de\/wp-json\/wp\/v2\/comments?post=6897"}],"version-history":[{"count":11,"href":"https:\/\/www.milleunascienza.com\/de\/wp-json\/wp\/v2\/pages\/6897\/revisions"}],"predecessor-version":[{"id":8193,"href":"https:\/\/www.milleunascienza.com\/de\/wp-json\/wp\/v2\/pages\/6897\/revisions\/8193"}],"wp:attachment":[{"href":"https:\/\/www.milleunascienza.com\/de\/wp-json\/wp\/v2\/media?parent=6897"}],"curies":[{"name":"wp","href":"https:\/\/api.w.org\/{rel}","templated":true}]}}