{"id":6894,"date":"2025-04-29T11:00:01","date_gmt":"2025-04-29T09:00:01","guid":{"rendered":"https:\/\/www.milleunascienza.com\/scuola\/"},"modified":"2025-07-08T09:52:06","modified_gmt":"2025-07-08T07:52:06","slug":"schule","status":"publish","type":"page","link":"https:\/\/www.milleunascienza.com\/de\/edu\/schule\/","title":{"rendered":"Schule"},"content":{"rendered":"<div class=\"fusion-bg-parallax\" data-bg-align=\"center center\" data-direction=\"up\" data-mute=\"false\" data-opacity=\"100\" data-velocity=\"-0.3\" data-mobile-enabled=\"false\" data-break_parents=\"0\" data-bg-image=\"https:\/\/www.milleunascienza.com\/wp-content\/uploads\/2025\/04\/background-lampadone-15.png\" data-bg-repeat=\"false\" data-blend-mode=\"multiply\" ><\/div><div class=\"fusion-fullwidth fullwidth-box fusion-builder-row-1 fusion-flex-container has-pattern-background has-mask-background fusion-parallax-up nonhundred-percent-fullwidth non-hundred-percent-height-scrolling\" style=\"--awb-background-blend-mode:multiply;--awb-border-radius-top-left:0px;--awb-border-radius-top-right:0px;--awb-border-radius-bottom-right:0px;--awb-border-radius-bottom-left:0px;--awb-padding-bottom:4%;--awb-background-image:url(&quot;https:\/\/www.milleunascienza.com\/wp-content\/uploads\/2025\/04\/background-lampadone-15.png&quot;);--awb-background-size:cover;--awb-flex-wrap:wrap;\" ><div class=\"fusion-builder-row fusion-row fusion-flex-align-items-flex-start fusion-flex-content-wrap\" style=\"max-width:1248px;margin-left: calc(-4% \/ 2 );margin-right: calc(-4% \/ 2 );\"><div class=\"fusion-layout-column fusion_builder_column fusion-builder-column-0 fusion_builder_column_1_2 1_2 fusion-flex-column fusion-flex-align-self-center fusion-animated\" style=\"--awb-bg-image:url(&#039;https:\/\/www.milleunascienza.com\/wp-content\/uploads\/2025\/04\/edu-scuola.png&#039;);--awb-bg-position:center center;--awb-bg-size:cover;--awb-width-large:50%;--awb-margin-top-large:30px;--awb-spacing-right-large:3.84%;--awb-margin-bottom-large:20px;--awb-spacing-left-large:3.84%;--awb-width-medium:50%;--awb-order-medium:0;--awb-spacing-right-medium:3.84%;--awb-spacing-left-medium:3.84%;--awb-width-small:100%;--awb-order-small:0;--awb-spacing-right-small:1.92%;--awb-spacing-left-small:1.92%;\" data-animationType=\"fadeInUp\" data-animationDuration=\"0.3\" data-animationDelay=\"0.7\" data-animationOffset=\"top-into-view\" data-scroll-devices=\"small-visibility,medium-visibility,large-visibility\"><div class=\"fusion-column-wrapper fusion-column-has-shadow fusion-flex-justify-content-flex-start fusion-content-layout-column fusion-empty-column-bg-image fusion-column-has-bg-image\" data-bg-url=\"https:\/\/www.milleunascienza.com\/wp-content\/uploads\/2025\/04\/edu-scuola.png\"><img decoding=\"async\" class=\"fusion-empty-dims-img-placeholder\" aria-label=\"edu-scuola\" src=\"data:image\/svg+xml,%3Csvg%20xmlns%3D%27http%3A%2F%2Fwww.w3.org%2F2000%2Fsvg%27%20width%3D%27600%27%20height%3D%27615%27%20viewBox%3D%270%200%20600%20615%27%3E%3Crect%20width%3D%27600%27%20height%3D%27615%27%20fill-opacity%3D%220%22%2F%3E%3C%2Fsvg%3E\"><\/div><\/div><div class=\"fusion-layout-column fusion_builder_column fusion-builder-column-1 fusion_builder_column_1_2 1_2 fusion-flex-column fusion-flex-align-self-center fusion-animated\" style=\"--awb-bg-size:cover;--awb-width-large:50%;--awb-margin-top-large:30px;--awb-spacing-right-large:3.84%;--awb-margin-bottom-large:20px;--awb-spacing-left-large:3.84%;--awb-width-medium:50%;--awb-order-medium:0;--awb-spacing-right-medium:3.84%;--awb-spacing-left-medium:3.84%;--awb-width-small:100%;--awb-order-small:0;--awb-spacing-right-small:1.92%;--awb-spacing-left-small:1.92%;\" data-animationType=\"fadeInUp\" data-animationDuration=\"0.3\" data-animationDelay=\"0.6\" data-animationOffset=\"top-into-view\" data-scroll-devices=\"small-visibility,medium-visibility,large-visibility\"><div class=\"fusion-column-wrapper fusion-column-has-shadow fusion-flex-justify-content-flex-start fusion-content-layout-column\"><div class=\"fusion-title title fusion-title-1 fusion-sep-none fusion-title-text fusion-title-size-one\"><h1 class=\"fusion-title-heading title-heading-left fusion-responsive-typography-calculated\" style=\"margin:0;--fontSize:75;line-height:var(--awb-typography1-line-height);\">Schule<\/h1><\/div><div class=\"fusion-title title fusion-title-2 fusion-sep-none fusion-title-text fusion-title-size-five\" style=\"--awb-text-color:var(--awb-color7);\"><h5 class=\"fusion-title-heading title-heading-left fusion-responsive-typography-calculated\" style=\"margin:0;--fontSize:20;--minFontSize:20;line-height:var(--awb-typography3-line-height);\">Wissenschaftliche Bildung zwischen Innovation und Kreativit\u00e4t: Unser Ziel ist es, die Erforschung, den kritischen Austausch und die gegenseitige Inspiration zwischen geisteswissenschaftlichen und naturwissenschaftlichen F\u00e4chern zu f\u00f6rdern.<\/h5><\/div><\/div><\/div><div class=\"fusion-layout-column fusion_builder_column fusion-builder-column-2 fusion_builder_column_1_1 1_1 fusion-flex-column\" style=\"--awb-bg-size:cover;--awb-width-large:100%;--awb-margin-top-large:0px;--awb-spacing-right-large:1.92%;--awb-margin-bottom-large:20px;--awb-spacing-left-large:1.92%;--awb-width-medium:100%;--awb-order-medium:0;--awb-spacing-right-medium:1.92%;--awb-spacing-left-medium:1.92%;--awb-width-small:100%;--awb-order-small:0;--awb-spacing-right-small:1.92%;--awb-spacing-left-small:1.92%;\"><div class=\"fusion-column-wrapper fusion-column-has-shadow fusion-flex-justify-content-flex-start fusion-content-layout-column\"><div class=\"fusion-text fusion-text-1\"><p>Die schulischen Aktivit\u00e4ten von \u201cLe Mille e una Scienza\u201d erg\u00e4nzen den traditionellen Unterricht durch kreativere und innovativere Ans\u00e4tze und bieten Sch\u00fclerinnen und Sch\u00fclern die M\u00f6glichkeit, die Welt der STEAM-F\u00e4cher durch Workshops, alternative Lernwege und den Dialog zwischen naturwissenschaftlichen und geisteswissenschaftlichen F\u00e4chern zu erkunden.<\/p>\n<p>Die Ma\u00dfnahmen, die sich an Kinder und Jugendliche aller Schulstufen richten, finden in Zusammenarbeit mit Forschungseinrichtungen, Fachleuten und Lehrern direkt in den Schulen statt. Im Unterricht wird Wissenschaft so zu einer lebendigen Erfahrung, bei der formale und nicht-formale Bildung aufeinander treffen und sich gegenseitig bereichern.<br \/>Ein Schl\u00fcsselelement des Projekts ist die aktive Einbeziehung von Sch\u00fclern der Oberstufe durch die PCTO-Kurse, die sie zu Hauptakteuren bei der Planung von Informationsveranstaltungen und der F\u00f6rderung der Wissenschaftskultur unter Gleichaltrigen und in der Schulgemeinschaft machen.<\/p>\n<p>Unser Ansatz konzentriert sich auf Methoden, die auf Erkundung, kritischem Denken, Dialog und der Freude am Entdecken basieren und die wissenschaftliche Bildung vollst\u00e4ndig in den Lehrplan integrieren.<\/p>\n<blockquote>\n<p>Vom Kindergarten bis zur Sekundarstufe f\u00fchrt \u201cLe Mille e una Scienza\u201d eine stille Revolution durch: ein Wissen, das sich an diejenigen anpasst, die es erforschen, wobei die Wissenschaft ihre Genauigkeit beibeh\u00e4lt, aber ihre ganze Sch\u00f6nheit und F\u00e4higkeit zu begeistern entfaltet!<\/p>\n<\/blockquote>\n<\/div><\/div><\/div><div class=\"fusion-layout-column fusion_builder_column fusion-builder-column-3 fusion_builder_column_1_1 1_1 fusion-flex-column fusion-flex-align-self-center\" style=\"--awb-padding-top:4%;--awb-padding-right:4%;--awb-padding-bottom:4%;--awb-padding-left:4%;--awb-bg-size:cover;--awb-border-color:var(--awb-color4);--awb-border-top:5px;--awb-border-right:5px;--awb-border-bottom:5px;--awb-border-left:5px;--awb-border-style:solid;--awb-width-large:100%;--awb-margin-top-large:0px;--awb-spacing-right-large:1.92%;--awb-margin-bottom-large:20px;--awb-spacing-left-large:1.92%;--awb-width-medium:100%;--awb-order-medium:0;--awb-spacing-right-medium:1.92%;--awb-spacing-left-medium:1.92%;--awb-width-small:100%;--awb-order-small:0;--awb-spacing-right-small:1.92%;--awb-spacing-left-small:1.92%;\" data-scroll-devices=\"small-visibility,medium-visibility,large-visibility\"><div class=\"fusion-column-wrapper fusion-column-has-shadow fusion-flex-justify-content-center fusion-content-layout-column\"><div class=\"fusion-builder-row fusion-builder-row-inner fusion-row fusion-flex-align-items-flex-start fusion-flex-content-wrap\" style=\"width:104% !important;max-width:104% !important;margin-left: calc(-4% \/ 2 );margin-right: calc(-4% \/ 2 );\"><div class=\"fusion-layout-column fusion_builder_column_inner fusion-builder-nested-column-0 fusion_builder_column_inner_3_4 3_4 fusion-flex-column\" style=\"--awb-bg-size:cover;--awb-width-large:75%;--awb-margin-top-large:0px;--awb-spacing-right-large:2.56%;--awb-margin-bottom-large:0px;--awb-spacing-left-large:2.56%;--awb-width-medium:75%;--awb-order-medium:0;--awb-spacing-right-medium:2.56%;--awb-spacing-left-medium:2.56%;--awb-width-small:100%;--awb-order-small:0;--awb-spacing-right-small:1.92%;--awb-spacing-left-small:1.92%;\" data-scroll-devices=\"small-visibility,medium-visibility,large-visibility\"><div class=\"fusion-column-wrapper fusion-column-has-shadow fusion-flex-justify-content-center fusion-content-layout-column\"><div class=\"fusion-title title fusion-title-3 fusion-sep-none fusion-title-text fusion-title-size-four\"><h4 class=\"fusion-title-heading title-heading-left fusion-responsive-typography-calculated\" style=\"margin:0;--fontSize:32;line-height:var(--awb-typography1-line-height);\">Schlag eine Idee vor oder nimm mit deiner Klasse teil!<\/h4><\/div><\/div><\/div><div class=\"fusion-layout-column fusion_builder_column_inner fusion-builder-nested-column-1 fusion_builder_column_inner_1_4 1_4 fusion-flex-column fusion-flex-align-self-center\" style=\"--awb-bg-size:cover;--awb-width-large:25%;--awb-margin-top-large:0px;--awb-spacing-right-large:7.68%;--awb-margin-bottom-large:0px;--awb-spacing-left-large:7.68%;--awb-width-medium:25%;--awb-order-medium:0;--awb-spacing-right-medium:7.68%;--awb-spacing-left-medium:7.68%;--awb-width-small:100%;--awb-order-small:0;--awb-spacing-right-small:1.92%;--awb-spacing-left-small:1.92%;\" data-scroll-devices=\"small-visibility,medium-visibility,large-visibility\"><div class=\"fusion-column-wrapper fusion-column-has-shadow fusion-flex-justify-content-center fusion-content-layout-column\"><div style=\"text-align:center;\"><a class=\"fusion-button button-flat fusion-button-default-size button-custom fusion-button-default button-1 fusion-button-default-span fusion-button-default-type\" style=\"--button_accent_color:var(--awb-color7);--button_accent_hover_color:var(--awb-color1);--button_border_hover_color:var(--awb-color1);--button_gradient_top_color:var(--awb-color4);--button_gradient_bottom_color:var(--awb-color4);--button_gradient_top_color_hover:var(--awb-color7);--button_gradient_bottom_color_hover:var(--awb-color7);\" target=\"_blank\" rel=\"noopener noreferrer\" href=\"mailto:info@milleunascienza.com\"><span class=\"fusion-button-text awb-button__text awb-button__text--default\">Schreib uns<\/span><\/a><\/div><\/div><\/div><\/div><\/div><\/div><div class=\"fusion-layout-column fusion_builder_column fusion-builder-column-4 fusion_builder_column_1_1 1_1 fusion-flex-column fusion-animated\" style=\"--awb-padding-bottom-medium:0px;--awb-bg-size:cover;--awb-width-large:100%;--awb-margin-top-large:0px;--awb-spacing-right-large:1.92%;--awb-margin-bottom-large:85px;--awb-spacing-left-large:1.92%;--awb-width-medium:100%;--awb-order-medium:0;--awb-spacing-right-medium:1.92%;--awb-spacing-left-medium:1.92%;--awb-width-small:100%;--awb-order-small:0;--awb-spacing-right-small:1.92%;--awb-margin-bottom-small:44px;--awb-spacing-left-small:1.92%;\" data-animationType=\"fadeInUp\" data-animationDuration=\"0.6\" data-animationDelay=\"0.3\" data-animationOffset=\"top-into-view\" data-scroll-devices=\"small-visibility,medium-visibility,large-visibility\"><div class=\"fusion-column-wrapper fusion-column-has-shadow fusion-flex-justify-content-flex-start fusion-content-layout-column\"><div class=\"fusion-separator fusion-full-width-sep\" style=\"align-self: center;margin-left: auto;margin-right: auto;margin-bottom:10%;width:100%;\"><\/div><div class=\"fusion-title title fusion-title-4 fusion-sep-none fusion-title-center fusion-title-text fusion-title-size-two\"><h2 class=\"fusion-title-heading title-heading-center fusion-responsive-typography-calculated\" style=\"margin:0;--fontSize:56;line-height:var(--awb-typography2-line-height);\">Wir freuen uns auf euch!<\/h2><\/div><div class=\"fusion-title title fusion-title-5 fusion-sep-none fusion-title-center fusion-title-text fusion-title-size-six\" style=\"--awb-margin-top:30px;--awb-margin-right:25%;--awb-margin-left:25%;\"><h6 class=\"fusion-title-heading title-heading-center fusion-responsive-typography-calculated\" style=\"margin:0;--fontSize:18;--minFontSize:18;line-height:var(--awb-typography3-line-height);\">Wissenschaft in Aktion: Ein dynamischer Ansatz zum Lernen durch Erleben<\/h6><\/div><\/div><\/div><div class=\"fusion-layout-column fusion_builder_column fusion-builder-column-5 fusion_builder_column_1_1 1_1 fusion-flex-column\" style=\"--awb-bg-size:cover;--awb-width-large:100%;--awb-margin-top-large:0px;--awb-spacing-right-large:1.92%;--awb-margin-bottom-large:20px;--awb-spacing-left-large:1.92%;--awb-width-medium:100%;--awb-order-medium:0;--awb-spacing-right-medium:1.92%;--awb-spacing-left-medium:1.92%;--awb-width-small:100%;--awb-order-small:0;--awb-spacing-right-small:1.92%;--awb-spacing-left-small:1.92%;\" data-scroll-devices=\"small-visibility,medium-visibility,large-visibility\"><div class=\"fusion-column-wrapper fusion-column-has-shadow fusion-flex-justify-content-flex-start fusion-content-layout-column\"><div class=\"awb-gallery-wrapper awb-gallery-wrapper-1 button-span-no\" style=\"--more-btn-alignment:center;\"><div style=\"margin:-5px;--awb-bordersize:0px;\" class=\"fusion-gallery fusion-gallery-container fusion-grid-3 fusion-columns-total-3 fusion-gallery-layout-grid fusion-gallery-1\"><div style=\"padding:5px;\" class=\"fusion-grid-column fusion-gallery-column fusion-gallery-column-3 hover-type-zoomin\"><div class=\"fusion-gallery-image\"><a href=\"https:\/\/www.milleunascienza.com\/wp-content\/uploads\/2025\/04\/gallery-robot-001.jpg\" rel=\"noreferrer\" data-rel=\"iLightbox[gallery_image_1]\" class=\"fusion-lightbox\" target=\"_self\"><img decoding=\"async\" src=\"https:\/\/www.milleunascienza.com\/wp-content\/uploads\/2025\/04\/gallery-robot-001.jpg\" width=\"600\" height=\"600\" alt=\"\" title=\"gallery-robot-001\" aria-label=\"gallery-robot-001\" class=\"img-responsive wp-image-2472\" srcset=\"https:\/\/www.milleunascienza.com\/wp-content\/uploads\/2025\/04\/gallery-robot-001-200x200.jpg 200w, https:\/\/www.milleunascienza.com\/wp-content\/uploads\/2025\/04\/gallery-robot-001-400x400.jpg 400w, https:\/\/www.milleunascienza.com\/wp-content\/uploads\/2025\/04\/gallery-robot-001.jpg 600w\" sizes=\"(min-width: 2200px) 100vw, (min-width: 784px) 397px, (min-width: 712px) 595px, (min-width: 640px) 712px, \" \/><\/a><\/div><\/div><div style=\"padding:5px;\" class=\"fusion-grid-column fusion-gallery-column fusion-gallery-column-3 hover-type-zoomin\"><div class=\"fusion-gallery-image\"><a href=\"https:\/\/www.milleunascienza.com\/wp-content\/uploads\/2025\/04\/gallery-oculus.jpg\" rel=\"noreferrer\" data-rel=\"iLightbox[gallery_image_1]\" class=\"fusion-lightbox\" target=\"_self\"><img decoding=\"async\" src=\"https:\/\/www.milleunascienza.com\/wp-content\/uploads\/2025\/04\/gallery-oculus.jpg\" width=\"600\" height=\"600\" alt=\"\" title=\"gallery-oculus\" aria-label=\"gallery-oculus\" class=\"img-responsive wp-image-2464\" srcset=\"https:\/\/www.milleunascienza.com\/wp-content\/uploads\/2025\/04\/gallery-oculus-200x200.jpg 200w, https:\/\/www.milleunascienza.com\/wp-content\/uploads\/2025\/04\/gallery-oculus-400x400.jpg 400w, https:\/\/www.milleunascienza.com\/wp-content\/uploads\/2025\/04\/gallery-oculus.jpg 600w\" sizes=\"(min-width: 2200px) 100vw, (min-width: 784px) 397px, (min-width: 712px) 595px, (min-width: 640px) 712px, \" \/><\/a><\/div><\/div><div style=\"padding:5px;\" class=\"fusion-grid-column fusion-gallery-column fusion-gallery-column-3 hover-type-zoomin\"><div class=\"fusion-gallery-image\"><a href=\"https:\/\/www.milleunascienza.com\/wp-content\/uploads\/2025\/04\/gallery-adolescenti-001.jpg\" rel=\"noreferrer\" data-rel=\"iLightbox[gallery_image_1]\" class=\"fusion-lightbox\" target=\"_self\"><img decoding=\"async\" src=\"https:\/\/www.milleunascienza.com\/wp-content\/uploads\/2025\/04\/gallery-adolescenti-001.jpg\" width=\"600\" height=\"600\" alt=\"\" title=\"gallery-adolescenti-001\" aria-label=\"gallery-adolescenti-001\" class=\"img-responsive wp-image-2441\" srcset=\"https:\/\/www.milleunascienza.com\/wp-content\/uploads\/2025\/04\/gallery-adolescenti-001-200x200.jpg 200w, https:\/\/www.milleunascienza.com\/wp-content\/uploads\/2025\/04\/gallery-adolescenti-001-400x400.jpg 400w, https:\/\/www.milleunascienza.com\/wp-content\/uploads\/2025\/04\/gallery-adolescenti-001.jpg 600w\" sizes=\"(min-width: 2200px) 100vw, (min-width: 784px) 397px, (min-width: 712px) 595px, (min-width: 640px) 712px, \" \/><\/a><\/div><\/div><div class=\"clearfix\"><\/div><\/div><\/div><\/div><\/div><\/div><\/div>\n","protected":false},"excerpt":{"rendered":"","protected":false},"author":1,"featured_media":0,"parent":6895,"menu_order":0,"comment_status":"closed","ping_status":"closed","template":"100-width.php","meta":{"footnotes":""},"class_list":["post-6894","page","type-page","status-publish","hentry"],"_links":{"self":[{"href":"https:\/\/www.milleunascienza.com\/de\/wp-json\/wp\/v2\/pages\/6894","targetHints":{"allow":["GET"]}}],"collection":[{"href":"https:\/\/www.milleunascienza.com\/de\/wp-json\/wp\/v2\/pages"}],"about":[{"href":"https:\/\/www.milleunascienza.com\/de\/wp-json\/wp\/v2\/types\/page"}],"author":[{"embeddable":true,"href":"https:\/\/www.milleunascienza.com\/de\/wp-json\/wp\/v2\/users\/1"}],"replies":[{"embeddable":true,"href":"https:\/\/www.milleunascienza.com\/de\/wp-json\/wp\/v2\/comments?post=6894"}],"version-history":[{"count":3,"href":"https:\/\/www.milleunascienza.com\/de\/wp-json\/wp\/v2\/pages\/6894\/revisions"}],"predecessor-version":[{"id":7229,"href":"https:\/\/www.milleunascienza.com\/de\/wp-json\/wp\/v2\/pages\/6894\/revisions\/7229"}],"up":[{"embeddable":true,"href":"https:\/\/www.milleunascienza.com\/de\/wp-json\/wp\/v2\/pages\/6895"}],"wp:attachment":[{"href":"https:\/\/www.milleunascienza.com\/de\/wp-json\/wp\/v2\/media?parent=6894"}],"curies":[{"name":"wp","href":"https:\/\/api.w.org\/{rel}","templated":true}]}}